{"id":1731,"date":"2023-02-16T12:33:17","date_gmt":"2023-02-16T10:33:17","guid":{"rendered":"https:\/\/www.hybrens.com\/?page_id=1731"},"modified":"2023-02-20T12:53:11","modified_gmt":"2023-02-20T10:53:11","slug":"andmekaitsetingimused","status":"publish","type":"page","link":"https:\/\/www.hybrens.com\/et\/andmekaitsetingimused\/","title":{"rendered":"Andmekaitsetingimused"},"content":{"rendered":"<p><div class=\"fusion-fullwidth fullwidth-box fusion-builder-row-1 fusion-flex-container has-pattern-background has-mask-background nonhundred-percent-fullwidth non-hundred-percent-height-scrolling\" style=\"--awb-border-radius-top-left:0px;--awb-border-radius-top-right:0px;--awb-border-radius-bottom-right:0px;--awb-border-radius-bottom-left:0px;--awb-padding-top:200px;\" ><div class=\"fusion-builder-row fusion-row fusion-flex-align-items-center\" style=\"max-width:1248px;margin-left: calc(-4% \/ 2 );margin-right: calc(-4% \/ 2 );\"><div class=\"fusion-layout-column fusion_builder_column fusion-builder-column-0 fusion_builder_column_3_5 3_5 fusion-flex-column\" style=\"--awb-bg-size:cover;--awb-width-large:60%;--awb-margin-top-large:0px;--awb-spacing-right-large:50px;--awb-margin-bottom-large:80px;--awb-spacing-left-large:3.2%;--awb-width-medium:60%;--awb-order-medium:0;--awb-spacing-right-medium:50px;--awb-spacing-left-medium:3.2%;--awb-width-small:100%;--awb-order-small:0;--awb-spacing-right-small:1.92%;--awb-spacing-left-small:1.92%;\"><div class=\"fusion-column-wrapper fusion-column-has-shadow fusion-flex-justify-content-flex-start fusion-content-layout-column\"><div class=\"fusion-breadcrumbs fusion-breadcrumbs-1\" style=\"--awb-font-size:13px;\"><span class=\"fusion-breadcrumb-item\"><a href=\"https:\/\/www.hybrens.com\/et\/\" class=\"fusion-breadcrumb-link\"><span >Home<\/span><\/a><\/span><span class=\"fusion-breadcrumb-sep\"> \/ <\/span><\/div><div class=\"fusion-title title fusion-title-1 fusion-sep-none fusion-title-text fusion-title-size-one\" style=\"--awb-text-color:var(--awb-color6);--awb-font-size:50px;\"><h1 class=\"title-heading-left\" style=\"font-family:&quot;Lato&quot;;font-style:normal;font-weight:900;margin:0;font-size:1em;line-height:1;\">Andmekaitsetingimused<\/h1><\/div><\/div><\/div><\/div><\/div><div class=\"fusion-fullwidth fullwidth-box fusion-builder-row-2 fusion-flex-container has-pattern-background has-mask-background fusion-parallax-none hundred-percent-fullwidth non-hundred-percent-height-scrolling\" style=\"--awb-background-position:left bottom;--awb-border-radius-top-left:0px;--awb-border-radius-top-right:0px;--awb-border-radius-bottom-right:0px;--awb-border-radius-bottom-left:0px;--awb-padding-bottom:0px;--awb-min-height:300px;--awb-background-image:url(&quot;https:\/\/www.hybrens.com\/wp-content\/uploads\/2023\/01\/hyb-left.svg&quot;);--awb-background-size:cover;\" ><div class=\"fusion-builder-row fusion-row fusion-flex-align-items-flex-start\" style=\"width:104% !important;max-width:104% !important;margin-left: calc(-4% \/ 2 );margin-right: calc(-4% \/ 2 );\"><div class=\"fusion-layout-column fusion_builder_column fusion-builder-column-1 fusion_builder_column_1_6 1_6 fusion-flex-column\" style=\"--awb-bg-size:cover;--awb-width-large:16.666666666667%;--awb-margin-top-large:0px;--awb-spacing-right-large:10px;--awb-margin-bottom-large:20px;--awb-spacing-left-large:11.52%;--awb-width-medium:16.666666666667%;--awb-order-medium:0;--awb-spacing-right-medium:10px;--awb-spacing-left-medium:11.52%;--awb-width-small:50%;--awb-order-small:0;--awb-spacing-right-small:10px;--awb-spacing-left-small:3.84%;\"><div class=\"fusion-column-wrapper fusion-column-has-shadow fusion-flex-justify-content-flex-start fusion-content-layout-column\"><div class=\"fusion-lottie fusion-lottie-1\" data-id=\"1\"><div class=\"fusion-lottie-animation sm-mr-auto\" data-path=\"https:\/\/www.hybrens.com\/wp-content\/uploads\/2023\/01\/40587-scroll.json\" data-loop=\"1\" data-reverse=\"0\" data-speed=\"1\" data-trigger=\"none\"><lottie-player loop=\"1\" speed=\"1\"><\/lottie-player><\/div><\/div><\/div><\/div><div class=\"fusion-layout-column fusion_builder_column fusion-builder-column-2 fusion_builder_column_5_6 5_6 fusion-flex-column\" style=\"--awb-padding-top:50px;--awb-padding-right:50px;--awb-padding-bottom:50px;--awb-padding-left:50px;--awb-overflow:hidden;--awb-bg-image:url(&#039;https:\/\/www.hybrens.com\/wp-content\/uploads\/2023\/02\/solar-cell-farm-power-station-alternative-energy-from-sun.jpg&#039;);--awb-bg-position:center center;--awb-bg-size:cover;--awb-border-radius:50px 0px 0px 30px;--awb-width-large:83.333333333333%;--awb-margin-top-large:0px;--awb-spacing-right-large:0px;--awb-margin-bottom-large:0px;--awb-spacing-left-large:2.304%;--awb-width-medium:83.333333333333%;--awb-order-medium:0;--awb-spacing-right-medium:0px;--awb-spacing-left-medium:2.304%;--awb-width-small:50%;--awb-order-small:0;--awb-spacing-right-small:0px;--awb-spacing-left-small:3.84%;\"><div class=\"fusion-column-wrapper fusion-column-has-shadow fusion-flex-justify-content-flex-start fusion-content-layout-column\" data-bg-url=\"https:\/\/www.hybrens.com\/wp-content\/uploads\/2023\/02\/solar-cell-farm-power-station-alternative-energy-from-sun.jpg\"><div class=\"fusion-separator fusion-full-width-sep\" style=\"align-self: center;margin-left: auto;margin-right: auto;margin-top:100px;margin-bottom:100px;width:100%;\"><\/div><\/div><\/div><\/div><\/div><div class=\"fusion-fullwidth fullwidth-box fusion-builder-row-3 fusion-flex-container has-pattern-background has-mask-background nonhundred-percent-fullwidth non-hundred-percent-height-scrolling\" style=\"--awb-border-radius-top-left:0px;--awb-border-radius-top-right:0px;--awb-border-radius-bottom-right:0px;--awb-border-radius-bottom-left:0px;--awb-margin-top:50px;--awb-margin-bottom:25px;\" ><div class=\"fusion-builder-row fusion-row fusion-flex-align-items-flex-start fusion-flex-justify-content-center\" style=\"max-width:1248px;margin-left: calc(-4% \/ 2 );margin-right: calc(-4% \/ 2 );\"><div class=\"fusion-layout-column fusion_builder_column fusion-builder-column-3 fusion_builder_column_3_4 3_4 fusion-flex-column\" style=\"--awb-padding-top:30px;--awb-padding-right:30px;--awb-padding-bottom:30px;--awb-padding-left:30px;--awb-overflow:hidden;--awb-bg-size:cover;--awb-border-color:var(--awb-color2);--awb-border-style:solid;--awb-border-radius:14px 14px 14px 14px;--awb-width-large:75%;--awb-margin-top-large:0px;--awb-spacing-right-large:2.56%;--awb-margin-bottom-large:20px;--awb-spacing-left-large:2.56%;--awb-width-medium:75%;--awb-order-medium:0;--awb-spacing-right-medium:2.56%;--awb-spacing-left-medium:2.56%;--awb-width-small:100%;--awb-order-small:0;--awb-spacing-right-small:1.92%;--awb-spacing-left-small:1.92%;\"><div class=\"fusion-column-wrapper fusion-column-has-shadow fusion-flex-justify-content-flex-start fusion-content-layout-column\"><div class=\"fusion-text fusion-text-1\" style=\"--awb-font-size:16px;--awb-text-font-family:&quot;Open Sans&quot;;--awb-text-font-style:normal;--awb-text-font-weight:400;\"><p><strong>Hybrens O\u00dc on regionaalne p\u00e4ikeseenergia toodete distributsiooniga tegelev ettev\u00f5te.<\/strong><\/p>\n<p>Oma tegevuse k\u00e4igus kogume, s\u00e4ilitame ja kasutame teie isikuandmeid eesm\u00e4rgiga pakkuda teile parimaid tootelahendusi, teenindust ja t\u00e4ita teiega s\u00f5lmitud lepinguid. Meie jaoks on oluline Teie privaatsus ning j\u00e4rgida k\u00f5iki kehtivaid seadusi ja m\u00e4\u00e4rusi mis tahes isikuandmete kohta, mida v\u00f5ime Teie kohta koguda, kui k\u00fclastate meie veebilehte www.hybrens.ee. Meie veebisaiti kasutades n\u00f5ustute, et kogume ja kasutame Teie andmeid vastavalt k\u00e4esolevale privaatsuspoliitikale.<\/p>\n<h3>Vastutav t\u00f6\u00f6tleja<\/h3>\n<p>Vastutav t\u00f6\u00f6tleja on Hybrens O\u00dc, registrikood: 16357906, aadress: Nooruse 1a, Tabasalu, Harjumaa, e-post: info@hybrens.com<br \/>\nKogume ja t\u00f6\u00f6tleme teavet koosk\u00f5las Euroopa Liidu \u00fcldise andmekaitse m\u00e4\u00e4rusega (GDPR), mis j\u00f5ustus 25.05.2018.<\/p>\n<h3>Andmete kogumine, t\u00f6\u00f6tlemine ja kasutamine<\/h3>\n<p>Hybrens O\u00dc kasutab nende andmeid, kes on saatnud k\u00fcsimuse n\u00e4iteks kontaktivormi v\u00f5i e-kirja kaudu meie toodete\/teenuste kohta v\u00f5i on varem kasutanud tooteid\/teenuseid v\u00f5i on siiani kasutamas tooteid\/teenuseid. Kogume ja kasutame p\u00fcsiklientide ja kontakteerunud isikute (sealhulgas \u201cvanad\u201d ehk \u201cmitteaktiivsed kliendid\u201d) andmeid.<\/p>\n<h4>T\u00f6\u00f6tleme j\u00e4rgnevaid isikuandmeid:<\/h4>\n<ul>\n<li>isiklikud andmed ja kontaktandmed, nt ees- ja perekonnanimi, isikukood, elu-\/asukoha aadress, e-posti aadress, telefoninumber;<\/li>\n<li>juriidilisest isikust kliendi kontaktisikute andmed, nt ees- ja perenimi, isikukood, ametinimetus, e-posti aadress, telefoninumber;<\/li>\n<li>makse- ja finantsandmed, nt tasumisel kasutatud makseviis, arvelduskonto number, panga ja pangakaardi andmed, andmed maksek\u00e4itumise kohta (ette- ja j\u00e4relmaks jne);<\/li>\n<li>toodete ostmise ja teenuste kasutamisega seotud andmed, nt toodete k\u00e4ttetoimetamise viis, reklamatsioonid;<\/li>\n<li>suhtlusandmed, n\u00e4iteks meie veebilehe p\u00e4ringuvormi kaudu sisestatud andmed, e-posti vahendusel kogutavad andmed, s\u00f5numite teel edastavad andmed, sotsiaalmeedia profiil ja selle vahendusel kogutavad andmed;<\/li>\n<li>IP-aadressi infos\u00fcsteemide kasutamisel, infos\u00fcsteemi turvalisuse tagamise ja teenuse kasutustingimustega vastavuse tagamise eesm\u00e4rgil.<br \/>\nv\u00f5rguidentifikaator, nt \u201ek\u00fcpsiste\u201c andmed.<\/li>\n<\/ul>\n<p>Selgitame, et eelmistes alapunktides toodud andmeid saamata, t\u00f6\u00f6tlemata ei ole meil v\u00f5imalik lepingut s\u00f5lmida v\u00f5i t\u00e4ita.<\/p>\n<h4>Kasutame isikuandmeid, mis on saadud kolmandatelt isikutelt:<\/h4>\n<ul>\n<li>riiklikust registrist, \u00e4riregistrist, rahvastikuregistrist v\u00f5i muust avalikust allikast v\u00f5i registrist. Kogume ja kasutame neid andmeid n\u00e4iteks andmete t\u00e4psuse kontrollimiseks;<\/li>\n<li>\u00e4ripartneritelt, kui meil on teie n\u00f5usolek v\u00f5i kui see on \u00f5igusaktidega lubatud.<\/li>\n<\/ul>\n<h3>Isikuandmete t\u00f6\u00f6tlemise eesm\u00e4rk ja \u00f5iguslik alus<\/h3>\n<p>Hybrens O\u00dc klientide ehk teenuste kasutajate isikuandmeid t\u00f6\u00f6tleme selleks, et t\u00e4ita oma lepingulisi kohustusi. Klientide isikuandmeid ja ka neilt saadud infot kasutame selleks, et pakkuda olemasolevatele ja potentsiaalsetele klientidele kvaliteetsemat teenust ja t\u00e4psemat infot. Kui Hybrens O\u00dc t\u00f6\u00f6tleb isikuandmeid mainitud eesm\u00e4rkidel, siis on kogutud isikuandmete t\u00f6\u00f6tlemise \u00f5iguslikuks aluseks meie \u00f5igustatud huvi tagada pakutava teenuse korrektne ja v\u00f5imalusel kvaliteetsem osutamine.<\/p>\n<h4>T\u00f6\u00f6tleme isikuandmeid j\u00e4rgnevatel eesm\u00e4rkidel:<\/h4>\n<ul>\n<li>andmesubjekti tuvastamiseks;<\/li>\n<li>lepingute s\u00f5lmimiseks, muutmiseks ja t\u00e4itmiseks;<\/li>\n<li>lepingueelseteks l\u00e4bir\u00e4\u00e4kimisteks;<\/li>\n<li>p\u00e4ringute ja taotluste menetlemiseks, sh veebip\u00e4ringute menetlemiseks;<\/li>\n<li>pretensioonide v\u00f5i garantiin\u00f5uete lahendamiseks;<\/li>\n<li>\u00f5igusaktidest tulenevate \u00f5iguste realiseerimiseks ja kohustuste t\u00e4itmiseks;<\/li>\n<li>raamatupidamis- ja auditeerimiskohustuse t\u00e4itmiseks;<\/li>\n<li>Hybrens O\u00dc \u00f5igustatud huvides \u2013 \u00f5igusrikkumiste v\u00f5i kahju v\u00e4ltimiseks;<\/li>\n<\/ul>\n<p>T\u00f6\u00f6tleme isikuandmeid koosk\u00f5las Euroopa Liidus ja Eestis kehtivatest \u00f5igusaktidest tulenevate n\u00f5uetega.<\/p>\n<h3>Isikuandmete t\u00f6\u00f6tlemise p\u00f5him\u00f5tted<\/h3>\n<h4>J\u00e4rgime isikuandmete t\u00f6\u00f6tlemisel j\u00e4rgmisi p\u00f5him\u00f5tteid:<\/h4>\n<ol>\n<li>seaduslikkus ja \u00f5iglus \u2013 t\u00f6\u00f6tleme isikuandmeid seaduslikult ja \u00f5iglaselt ning minimaalses vajalikus mahus.<\/li>\n<li>eesm\u00e4rgikohasus \u2013 t\u00f6\u00f6tleme isikuandmeid ainult sel eesm\u00e4rgil, mille jaoks need on kogutud ja neid ei t\u00f6\u00f6delda viisil, mis on nende eesm\u00e4rkidega vastuolus.<\/li>\n<li>kvaliteet \u2013 isikuandmed on piisavad ja asjakohased ning ei ole \u00fclem\u00e4\u00e4rased andmet\u00f6\u00f6tluse eesm\u00e4rke arvestades.<\/li>\n<li>\u00f5igsus \u2013 isikuandmed on \u00f5iged ja vajaduse korral ajakohastatud. Tagame, et andmet\u00f6\u00f6tluse eesm\u00e4rgi seisukohast eba\u00f5iged isikuandmed kustutatakse v\u00f5i parandatakse viivitamata.<\/li>\n<li>s\u00e4ilitamine \u2013 s\u00e4ilitame isikuandmeid kujul, mis v\u00f5imaldab meil andmesubjekti tuvastada \u00fcksnes seni, kuni see on vajalik selle eesm\u00e4rgi t\u00e4itmiseks, milleks isikuandmeid t\u00f6\u00f6tleme. S\u00e4ilitame isikuandmeid \u00fcksnes senikaua kuni see on n\u00f5utav kehtiva \u00f5iguse v\u00f5i lepingulise kohustuse kohaselt. T\u00e4htaja l\u00f5ppemisel kustutame isikuandmed.<\/li>\n<li>turvalisus \u2013 t\u00f6\u00f6tleme isikuandmeid viisil, mis tagab nende turvalisuse, sealhulgas kaitseb loata v\u00f5i ebaseadusliku t\u00f6\u00f6tlemise eest ning juhusliku kadumise, h\u00e4vimise v\u00f5i kahjustumise eest, rakendades asjakohaseid tehnilisi v\u00f5i korralduslikke meetmeid. Rakendame isikuandmete kaitseks ja riskide maandamiseks f\u00fc\u00fcsilisi, tehnilisi ja organisatoorseid meetmeid. J\u00e4lgime riske ja hoiame need m\u00f5istlikult kontrolli all.<\/li>\n<\/ol>\n<h3>Isikute \u00f5igused seonduvalt isikuandmetega<\/h3>\n<h4>F\u00fc\u00fcsilise isikul on tulenevalt andmekaitse \u00fcldm\u00e4\u00e4rusest j\u00e4rgmised \u00f5igused:<\/h4>\n<ul>\n<li>\u00d5igus isikuandmetega tutvuda \u2013 \u00f5igus teada, milliseid isikuandmeid inimese kohta s\u00e4ilitame ja kuidas neid t\u00f6\u00f6tleme.<\/li>\n<li>\u00d5igus isikuandmete parandamisele \u2013 \u00f5igus n\u00f5uda ebapiisavate, puudulike ja v\u00e4\u00e4rate isikuandmete paranda<\/li>\n<li>\u00d5igus isikuandmete t\u00f6\u00f6tlemiseks antud n\u00f5usolek tagasi v\u00f5tta \u2013 kui isikuandmete t\u00f6\u00f6tlemine toimub n\u00f5usoleku alusel siis on isikul \u00f5igus oma n\u00f5usolek tagasi v\u00f5tta.<\/li>\n<li>\u00d5igus isikuandmete kustutamisele (\u201e\u00f5igus olla unustatud\u201c) \u2013 \u00f5igus n\u00f5uda, et kustutaksime inimese enda isikuandmed. Meil on teatud juhtudel \u00f5igus sellest keelduda \u2013 kui isikuandmete t\u00f6\u00f6tlemine on vajalik meie juriidilise kohustuse t\u00e4itmiseks, s\u00f5na- ja teabevabaduse \u00f5iguse teostamiseks, \u00f5igusn\u00f5uete koostamiseks, esitamiseks, kaitsmiseks v\u00f5i avalikes huvides.<\/li>\n<li>\u00d5igus t\u00f6\u00f6tlemise piiramisele \u2013 inimesel on teatud juhtudel \u00f5igus keelata v\u00f5i piirata oma isikuandmete t\u00f6\u00f6tlemist teatud ajaks (nt kui ta on esitanud vastuv\u00e4ite isikuandmete t\u00f6\u00f6tluse osas).<\/li>\n<li>\u00d5igus esitada vastuv\u00e4iteid \u2013 inimesel on \u00f5igus esitada meile oma isikuandmete t\u00f6\u00f6tlemise osas vastuv\u00e4iteid, millele vastame m\u00f5istliku aja jooksul.<\/li>\n<li>\u00d5igus andmete \u00fclekandmisele \u2013 Juhul, kui inimese isikuandmete t\u00f6\u00f6tlemine p\u00f5hineb tema n\u00f5usolekul ja isikuandmeid t\u00f6\u00f6deldakse automatiseeritult, siis on tal \u00f5igus saada teda puudutavaid isikuandmeid, mida ta on meile kui vastutavale t\u00f6\u00f6tlejale esitanud struktureeritud, \u00fcldkasutatavas vormingus ning masinloetaval kujul.<\/li>\n<li>Automaatse otsuste tegemine (sh profiilianal\u00fc\u00fcs) \u2013 juhul, kui oleme inimest teavitanud, et teostame automatiseeritud t\u00f6\u00f6tlusel p\u00f5hinevat otsustamist (sh profiiilianal\u00fc\u00fcsi), mis toob kaasa inimest puudutavaid \u00f5iguslikke tagaj\u00e4rgi v\u00f5i avaldab talle m\u00e4rkimisv\u00e4\u00e4rset m\u00f5ju, siis v\u00f5ib inimene n\u00f5uda, et automaatset otsust ei tehtaks \u00fcksnes automatiseeritud t\u00f6\u00f6tluse alusel.<\/li>\n<li>Kaebuse esitamine. Inimesel on \u00f5igus esitada meie kohta isikuandmete t\u00f6\u00f6tlemise osas kaebus Andmekaitse Inspektsioonile, t\u00e4psem info www.aki.ee.<\/li>\n<\/ul>\n<p>Isikuandmete t\u00f6\u00f6tlemisega seonduvad k\u00fcsimused palume saata meie e-posti aadressile info@hybrens.com.<\/p>\n<h3>Isikuandmete konfidentsiaalsus<\/h3>\n<p>Hoiame meile teatavaks saanud isikuandmeid konfidentsiaalsena. Isikuandmed ei kuulu avaldamisele kolmandatele isikutele, v.a. kui isik on palunud seda meil teha, kui seadus seda n\u00f5uab v\u00f5i lubab, kui isik on andnud selleks eelnevalt n\u00f5usoleku v\u00f5i kui isik ei t\u00e4ida Hybrens O\u00dc ees kohustusi.<\/p>\n<p>Hybrens O\u00dc-l on \u00f5igus kasutada isikuandmeid oma \u00f5iguste kaitseks ja edastada oma \u00f5iguste kaitseks vajalikus ulatuses isikuandmeid kolmandatele isikutele (nt kohtule jms).<\/p>\n<p>Kui palume teisel ettev\u00f5ttel allt\u00f6\u00f6v\u00f5tu korras isikuandmeid t\u00f6\u00f6delda, kasutame teenusepakkujat, kes tagab t\u00f6\u00f6tlemise vastavuse isikuandmete kaitse \u00fcldm\u00e4\u00e4rusega (nt turvameetmed).<\/p>\n<h4>Hybrens O\u00dc kasutab igap\u00e4evaseks tegevuseks kolmandaid isikuid, kes pakuvad:<\/h4>\n<ul>\n<li>Zone \u2013 veebilehe majutust<\/li>\n<li>Google \u2013 veebilehe kasutusstatistika anal\u00fc\u00fcsi<\/li>\n<li>Facebook \u2013 sotsiaalmeedia kasutamist ja sotsiaalmeedia statistika anal\u00fc\u00fcsi<\/li>\n<\/ul>\n<p>Lisaks eelnevas punktis nimetatud kolmandatele isikutele, edastab Hybrens O\u00dc kasutaja isikuandmeid koost\u00f6\u00f6partnerile. Seda vaid ulatuses, mis on vajalik kasutajale teenuse osutamiseks. T\u00f6\u00f6tleme isikuandmeid reeglina Euroopa Majanduspiirkonnas (EL-i riigid, Norra, Island ja Lichtenstein). Juhul, kui meil on vaja isikuandmeid edastada v\u00e4ljaspoole Euroopa Majanduspiirkonda, siis toimub andmeedastus isikuandmete kaitse \u00fcldm\u00e4\u00e4ruse n\u00f5uete kohaselt.<\/p>\n<h3>Isikuandmete s\u00e4ilitamine<\/h3>\n<p>S\u00e4ilitame isikuandmeid nii kaua kuni see on kohustuslik v\u00f5i lubatud \u00f5igusaktide kohaselt v\u00f5i vajalik meie \u00e4ritegevuse huvides.<\/p>\n<p>Andmete s\u00e4ilitamise t\u00e4htaeg s\u00f5ltub ka vajadusest vastata andmesubjektide p\u00e4ringutele, lahendada erinevaid probleeme ja vajadust t\u00e4ita seadusj\u00e4rgseid dokumentide s\u00e4ilitamise n\u00f5udeid. Kui \u00f5igusaktid isikuandmete s\u00e4ilitamist ei n\u00f5ua ja Hybrens O\u00dc neid ei vaja, kustutame me need isikuandmed. Sel juhul v\u00f5ime antud isikuandmeid kasutada ainult statistilistel eesm\u00e4rkidel ja \u00fcksnes anon\u00fcmiseeritud kujul.<\/p>\n<h3>Turvameetmed<\/h3>\n<p>Isikuandmete turvalise t\u00f6\u00f6tlemise tagamiseks on Hybrens O\u00dc kehtestanud t\u00f6\u00f6tlemise reeglid, organisatsioonilised regulatsioonid ning muud infotehnoloogilised ja f\u00fc\u00fcsilised andmekaitse meetmed. Turvalise isikuandmete t\u00f6\u00f6tlemise meetmed laienevad k\u00f5igile kasutatavatele infos\u00fcsteemidele, inimtegevuse protsessidele, sealhulgas t\u00f6\u00f6tajatele, tarnijatele, klientidele ja teenuseosutajatele.<\/p>\n<p>Hybrens O\u00dc peab kinni EL-s kehtivatest isikuandme kaitset puudutavatest n\u00f5uetest ja Eesti sisestest \u00f5igusaktidest.<\/p>\n<h3>K\u00fcpsised<\/h3>\n<p>Hybrens O\u00dc kasutab oma veebilehel k\u00fcpsiseid (cookies). Need on v\u00e4ikesed tekstifailid, mis saadetakse meie veebilehe k\u00fclastamise ajal teie arvutisse v\u00f5i nutiseadmesse ja mis hoiab meeles teie kasutaja eelistusi. K\u00fcpiste eesm\u00e4rgiks on pakkuda teile isikup\u00e4rasemat kasutuskogemust ja mugavamat v\u00f5rgulehel navigeerimist.<\/p>\n<p>Meie veebilehel p\u00fcsimiseks annate n\u00f5usoleku k\u00fcpsiste kasutamiseks vastavalt k\u00e4esolevate tingimuste reeglitele.<\/p>\n<p>Kui te pole k\u00fcpsiste kasutamisega n\u00f5us, on teil v\u00f5imalus oma veebilehitseja seadistada selliselt, et arvuti k\u00fcpsiseid ei salvestaks. Selleks aktiveerige oma veebilehitseja privaatse sirvimise (private browsing) v\u00f5i k\u00fcpsiste blokeerimise funktsioon. Erinevad veebilehitsejad pakuvaid erinevaid variante k\u00fcpsiste haldamiseks.\u00a0Peate arvestama, et k\u00fcpsistega n\u00f5ustumata j\u00e4tmise korral ei saa me tagada, et meie veebilehe k\u00f5ik funktsioonid teie jaoks t\u00e4ielikult toimivad.<\/p>\n<p>Kasutame k\u00fcpsiseid \u00fcksnes statistiliste andmete kogumiseks meie veebilehe ja rakenduste parandamiseks ning veebilehe kohandatud sisu kuvamiseks. Kasutusstatistika kogumiseks kasutame Google Analytics teenust, kogudes andmeid k\u00fclastatud alalehtede, k\u00fclastuste arvu, kasutatavate seadmete, k\u00fclastusaja, sisenemise kanalite ja muu statistika kohta.<\/p>\n<h3>Andmekaitsetingimused ja muudatused<\/h3>\n<p>Andmekaitsetingimused on k\u00e4ttesaadavad Hybrens O\u00dc kodulehel. Meie tooteid ja teenuseid kasutades olete k\u00e4esolevate p\u00f5him\u00f5tete ning tingimustega tutvunud ja nendega n\u00f5ustunud. Andmekaitsereeglid aja- ja asjakohastatakse vastavalt andmet\u00f6\u00f6tluses toimuvatele olulistele muutustele.<\/p>\n<p>Hybrens O\u00dc j\u00e4tab endale \u00f5iguse muuta andmekaitsetingimusi \u00fchepoolselt. Andmekaitsetingimuste uuenemisel viime muudatused sisse ka kodulehel olevale infole. Kui k\u00fclastate ja kasutate meie veebilehte ka p\u00e4rast privaatsuspoliitika uuendamist, k\u00e4sitleme me seda kui Teie vaikivat n\u00f5usolekut muudatustega.<\/p>\n<h6>Viimati muudetud 15\/02\/2023<\/h6>\n<\/div><\/div><\/div><\/div><\/div><\/p>\n","protected":false},"excerpt":{"rendered":"","protected":false},"author":1,"featured_media":0,"parent":0,"menu_order":0,"comment_status":"closed","ping_status":"closed","template":"100-width.php","meta":{"footnotes":""},"class_list":["post-1731","page","type-page","status-publish","hentry"],"_links":{"self":[{"href":"https:\/\/www.hybrens.com\/et\/wp-json\/wp\/v2\/pages\/1731","targetHints":{"allow":["GET"]}}],"collection":[{"href":"https:\/\/www.hybrens.com\/et\/wp-json\/wp\/v2\/pages"}],"about":[{"href":"https:\/\/www.hybrens.com\/et\/wp-json\/wp\/v2\/types\/page"}],"author":[{"embeddable":true,"href":"https:\/\/www.hybrens.com\/et\/wp-json\/wp\/v2\/users\/1"}],"replies":[{"embeddable":true,"href":"https:\/\/www.hybrens.com\/et\/wp-json\/wp\/v2\/comments?post=1731"}],"version-history":[{"count":17,"href":"https:\/\/www.hybrens.com\/et\/wp-json\/wp\/v2\/pages\/1731\/revisions"}],"predecessor-version":[{"id":1777,"href":"https:\/\/www.hybrens.com\/et\/wp-json\/wp\/v2\/pages\/1731\/revisions\/1777"}],"wp:attachment":[{"href":"https:\/\/www.hybrens.com\/et\/wp-json\/wp\/v2\/media?parent=1731"}],"curies":[{"name":"wp","href":"https:\/\/api.w.org\/{rel}","templated":true}]}}