{"id":1707,"date":"2023-02-01T09:00:36","date_gmt":"2023-02-01T07:00:36","guid":{"rendered":"https:\/\/www.hybrens.com\/?page_id=1707"},"modified":"2023-02-20T13:29:46","modified_gmt":"2023-02-20T11:29:46","slug":"paikesepaneelid","status":"publish","type":"page","link":"https:\/\/www.hybrens.com\/et\/paikesepaneelid\/","title":{"rendered":"P\u00e4ikesepaneelid"},"content":{"rendered":"<p><div class=\"fusion-fullwidth fullwidth-box fusion-builder-row-1 fusion-flex-container has-pattern-background has-mask-background nonhundred-percent-fullwidth non-hundred-percent-height-scrolling\" style=\"--awb-border-radius-top-left:0px;--awb-border-radius-top-right:0px;--awb-border-radius-bottom-right:0px;--awb-border-radius-bottom-left:0px;--awb-padding-top:200px;\" ><div class=\"fusion-builder-row fusion-row fusion-flex-align-items-center\" style=\"max-width:1248px;margin-left: calc(-4% \/ 2 );margin-right: calc(-4% \/ 2 );\"><div class=\"fusion-layout-column fusion_builder_column fusion-builder-column-0 fusion_builder_column_3_5 3_5 fusion-flex-column\" style=\"--awb-bg-size:cover;--awb-width-large:60%;--awb-margin-top-large:0px;--awb-spacing-right-large:50px;--awb-margin-bottom-large:80px;--awb-spacing-left-large:3.2%;--awb-width-medium:60%;--awb-order-medium:0;--awb-spacing-right-medium:50px;--awb-spacing-left-medium:3.2%;--awb-width-small:100%;--awb-order-small:0;--awb-spacing-right-small:1.92%;--awb-spacing-left-small:1.92%;\"><div class=\"fusion-column-wrapper fusion-column-has-shadow fusion-flex-justify-content-flex-start fusion-content-layout-column\"><div class=\"fusion-breadcrumbs fusion-breadcrumbs-1\" style=\"--awb-font-size:13px;\"><span class=\"fusion-breadcrumb-item\"><a href=\"https:\/\/www.hybrens.com\/et\/\" class=\"fusion-breadcrumb-link\"><span >Home<\/span><\/a><\/span><span class=\"fusion-breadcrumb-sep\"> \/ <\/span><\/div><div class=\"fusion-title title fusion-title-1 fusion-sep-none fusion-title-text fusion-title-size-one\" style=\"--awb-text-color:var(--awb-color6);--awb-font-size:80px;\"><h1 class=\"title-heading-left\" style=\"font-family:&quot;Lato&quot;;font-style:normal;font-weight:900;margin:0;font-size:1em;line-height:1;\">P\u00e4ikesepaneelid<\/h1><\/div><\/div><\/div><div class=\"fusion-layout-column fusion_builder_column fusion-builder-column-1 fusion_builder_column_2_5 2_5 fusion-flex-column\" style=\"--awb-padding-left:30px;--awb-bg-size:cover;--awb-border-color:var(--awb-color5);--awb-border-left:3px;--awb-border-style:solid;--awb-width-large:40%;--awb-margin-top-large:0px;--awb-spacing-right-large:4.8%;--awb-margin-bottom-large:20px;--awb-spacing-left-large:4.8%;--awb-width-medium:40%;--awb-order-medium:0;--awb-spacing-right-medium:4.8%;--awb-spacing-left-medium:4.8%;--awb-width-small:100%;--awb-order-small:0;--awb-spacing-right-small:1.92%;--awb-spacing-left-small:1.92%;\"><div class=\"fusion-column-wrapper fusion-column-has-shadow fusion-flex-justify-content-flex-start fusion-content-layout-column\"><div class=\"fusion-text fusion-text-1\"><p>Teeme koost\u00f6\u00f6d Tier 1 p\u00e4ikesepaneelide tootjatega ja esindame selliseid tuntud kaubam\u00e4rke nagu<strong> Seraphim, JaSolar, Risen Energy, Sunergy, Trina Solar, Jinko Solar<\/strong> ja paljusid teisi.<\/p>\n<\/div><\/div><\/div><\/div><\/div><div class=\"fusion-fullwidth fullwidth-box fusion-builder-row-2 fusion-flex-container has-pattern-background has-mask-background fusion-parallax-none hundred-percent-fullwidth non-hundred-percent-height-scrolling\" style=\"--awb-background-position:left bottom;--awb-border-radius-top-left:0px;--awb-border-radius-top-right:0px;--awb-border-radius-bottom-right:0px;--awb-border-radius-bottom-left:0px;--awb-padding-bottom:0px;--awb-background-image:url(&quot;https:\/\/www.hybrens.com\/wp-content\/uploads\/2023\/01\/hyb-left.svg&quot;);--awb-background-size:cover;\" ><div class=\"fusion-builder-row fusion-row fusion-flex-align-items-flex-start\" style=\"width:104% !important;max-width:104% !important;margin-left: calc(-4% \/ 2 );margin-right: calc(-4% \/ 2 );\"><div class=\"fusion-layout-column fusion_builder_column fusion-builder-column-2 fusion_builder_column_1_6 1_6 fusion-flex-column\" style=\"--awb-bg-size:cover;--awb-width-large:16.666666666667%;--awb-margin-top-large:0px;--awb-spacing-right-large:10px;--awb-margin-bottom-large:20px;--awb-spacing-left-large:11.52%;--awb-width-medium:16.666666666667%;--awb-order-medium:0;--awb-spacing-right-medium:10px;--awb-spacing-left-medium:11.52%;--awb-width-small:50%;--awb-order-small:0;--awb-spacing-right-small:10px;--awb-spacing-left-small:3.84%;\"><div class=\"fusion-column-wrapper fusion-column-has-shadow fusion-flex-justify-content-flex-start fusion-content-layout-column\"><div class=\"fusion-lottie fusion-lottie-1\" data-id=\"1\"><div class=\"fusion-lottie-animation sm-mr-auto\" data-path=\"https:\/\/www.hybrens.com\/wp-content\/uploads\/2023\/01\/40587-scroll.json\" data-loop=\"1\" data-reverse=\"0\" data-speed=\"1\" data-trigger=\"none\"><lottie-player loop=\"1\" speed=\"1\"><\/lottie-player><\/div><\/div><\/div><\/div><div class=\"fusion-layout-column fusion_builder_column fusion-builder-column-3 fusion_builder_column_5_6 5_6 fusion-flex-column\" style=\"--awb-padding-top:50px;--awb-padding-right:50px;--awb-padding-bottom:400px;--awb-padding-left:50px;--awb-overflow:hidden;--awb-bg-image:url(&#039;https:\/\/www.hybrens.com\/wp-content\/uploads\/2023\/01\/solar-energy.jpg&#039;);--awb-bg-position:center bottom;--awb-bg-size:cover;--awb-border-radius:50px 0px 0px 30px;--awb-width-large:83.333333333333%;--awb-margin-top-large:0px;--awb-spacing-right-large:0px;--awb-margin-bottom-large:0px;--awb-spacing-left-large:2.304%;--awb-width-medium:83.333333333333%;--awb-order-medium:0;--awb-spacing-right-medium:0px;--awb-spacing-left-medium:2.304%;--awb-width-small:50%;--awb-order-small:0;--awb-spacing-right-small:0px;--awb-spacing-left-small:3.84%;\"><div class=\"fusion-column-wrapper fusion-column-has-shadow fusion-flex-justify-content-flex-start fusion-content-layout-column\" data-bg-url=\"https:\/\/www.hybrens.com\/wp-content\/uploads\/2023\/01\/solar-energy.jpg\"><i class=\"fb-icon-element-1 fb-icon-element fontawesome-icon icon-hybrens-panels circle-no\" style=\"--awb-iconcolor-hover:var(--awb-color3);--awb-font-size:75px;--awb-margin-top:0;--awb-margin-right:37.5px;--awb-margin-bottom:0;--awb-margin-left:0;--awb-align-self:flex-start;\"><\/i><\/div><\/div><\/div><\/div><div class=\"fusion-fullwidth fullwidth-box fusion-builder-row-3 fusion-flex-container has-pattern-background has-mask-background nonhundred-percent-fullwidth non-hundred-percent-height-scrolling\" style=\"--awb-border-radius-top-left:0px;--awb-border-radius-top-right:0px;--awb-border-radius-bottom-right:0px;--awb-border-radius-bottom-left:0px;--awb-margin-top:50px;--awb-margin-bottom:25px;\" ><div class=\"fusion-builder-row fusion-row fusion-flex-align-items-flex-start fusion-flex-justify-content-center\" style=\"max-width:1248px;margin-left: calc(-4% \/ 2 );margin-right: calc(-4% \/ 2 );\"><div class=\"fusion-layout-column fusion_builder_column fusion-builder-column-4 fusion_builder_column_3_5 3_5 fusion-flex-column\" style=\"--awb-padding-top:30px;--awb-padding-right:30px;--awb-padding-bottom:30px;--awb-padding-left:30px;--awb-overflow:hidden;--awb-bg-size:cover;--awb-border-color:var(--awb-color2);--awb-border-style:solid;--awb-border-radius:14px 14px 14px 14px;--awb-width-large:60%;--awb-margin-top-large:0px;--awb-spacing-right-large:3.2%;--awb-margin-bottom-large:20px;--awb-spacing-left-large:3.2%;--awb-width-medium:60%;--awb-order-medium:0;--awb-spacing-right-medium:3.2%;--awb-spacing-left-medium:3.2%;--awb-width-small:100%;--awb-order-small:0;--awb-spacing-right-small:1.92%;--awb-spacing-left-small:1.92%;\"><div class=\"fusion-column-wrapper fusion-column-has-shadow fusion-flex-justify-content-flex-start fusion-content-layout-column\"><div class=\"fusion-image-element \" style=\"--awb-margin-top:10px;--awb-margin-bottom:30px;--awb-max-width:200px;--awb-caption-title-size:var(--h2_typography-font-size);--awb-caption-title-transform:var(--h2_typography-text-transform);--awb-caption-title-line-height:var(--h2_typography-line-height);--awb-caption-title-letter-spacing:var(--h2_typography-letter-spacing);\"><span class=\" fusion-imageframe imageframe-none imageframe-1 hover-type-none\"><img decoding=\"async\" width=\"500\" height=\"120\" title=\"seraphim\" src=\"https:\/\/www.hybrens.com\/wp-content\/uploads\/2022\/12\/seraphim.png\" class=\"img-responsive wp-image-1504\" srcset=\"https:\/\/www.hybrens.com\/wp-content\/uploads\/2022\/12\/seraphim-200x48.png 200w, https:\/\/www.hybrens.com\/wp-content\/uploads\/2022\/12\/seraphim-400x96.png 400w, https:\/\/www.hybrens.com\/wp-content\/uploads\/2022\/12\/seraphim.png 500w\" sizes=\"(max-width: 640px) 100vw, 500px\" alt=\"\"><\/span><\/div><div class=\"fusion-text fusion-text-2 awb-text-cols fusion-text-columns-2\" style=\"--awb-font-size:14px;--awb-columns:2;--awb-column-spacing:100px;--awb-column-min-width:100px;--awb-rule-style:1px solid var(--awb-color3);--awb-text-font-family:&quot;Open Sans&quot;;--awb-text-font-style:normal;--awb-text-font-weight:400;\"><p><strong><a href=\"https:\/\/www.seraphim-energy.com\/\" target=\"_blank\" rel=\"noopener nofollow\">Seraphim Energy Group<\/a> on maailmas juhtiv p\u00e4ikeseenergia toodete tootja.<\/strong><\/p>\n<p>Ettev\u00f5te asutati 2011. aastal ja sellel on \u00fcle 100 erineva p\u00e4ikeset\u00f6\u00f6stuse patendi. <a href=\"https:\/\/www.seraphim-energy.com\/\" target=\"_blank\" rel=\"noopener nofollow\">Seraphim<\/a> on Bloomberg New Energy Finance&#8217;i (BNEF) poolt loetletud 1. astme p\u00e4ikesemoodulite tootjana. Praegu on ettev\u00f5tte globaalne tootmisv\u00f5imsus 7,5 GW. Seraphim teenindab kliente \u00fcle maailma enam kui 40 riigis. Ettev\u00f5te t\u00f5i hiljuti turule fotogalvaanilise mooduli S5 seeria, mille maksimaalne v\u00e4ljundv\u00f5imsus on kuni 670 W ja mooduli kasutegur on 21,57 protsenti.<\/p>\n<\/div><div style=\"text-align:right;\"><a class=\"fusion-button button-flat fusion-button-default-size button-custom fusion-button-default button-1 fusion-button-default-span fusion-button-default-type fusion-has-button-gradient\" style=\"--button_accent_color:var(--awb-color1);--button_border_color:#4b6ce3;--button_accent_hover_color:var(--awb-color1);--button_border_hover_color:#ffffff;--button_border_width-top:0px;--button_border_width-right:0px;--button_border_width-bottom:0px;--button_border_width-left:0px;--button-border-radius-top-left:30px;--button-border-radius-top-right:30px;--button-border-radius-bottom-right:30px;--button-border-radius-bottom-left:30px;--button_gradient_angle:91deg;--button_gradient_start:50%;--button_gradient_end:99%;--button_gradient_top_color:var(--awb-color5);--button_gradient_bottom_color:var(--awb-color5);--button_gradient_top_color_hover:var(--awb-color5);--button_gradient_bottom_color_hover:var(--awb-color6);--button_text_transform:var(--awb-typography3-text-transform);--button_font_size:14px;--button_line_height:20px;--button_padding-top:12px;--button_padding-right:34px;--button_padding-bottom:12px;--button_padding-left:34px;--button_typography-letter-spacing:var(--awb-typography3-letter-spacing);--button_typography-font-family:&quot;Lato&quot;;--button_typography-font-style:normal;--button_typography-font-weight:400;--button_margin-top:30px;--button_margin-bottom:30px;\" target=\"_self\" data-hover=\"icon_slide\" href=\"https:\/\/www.hybrens.com\/et\/#kontakt\"><span class=\"fusion-button-text\">K\u00fcsi pakkumist<\/span><i class=\"icon-hybrens-arrow-right-hyb button-icon-right\" aria-hidden=\"true\"><\/i><\/a><\/div><\/div><\/div><div class=\"fusion-layout-column fusion_builder_column fusion-builder-column-5 fusion_builder_column_3_5 3_5 fusion-flex-column\" style=\"--awb-padding-top:30px;--awb-padding-right:30px;--awb-padding-bottom:30px;--awb-padding-left:30px;--awb-overflow:hidden;--awb-bg-size:cover;--awb-border-color:var(--awb-color2);--awb-border-style:solid;--awb-border-radius:14px 14px 14px 14px;--awb-width-large:60%;--awb-margin-top-large:0px;--awb-spacing-right-large:3.2%;--awb-margin-bottom-large:20px;--awb-spacing-left-large:3.2%;--awb-width-medium:60%;--awb-order-medium:0;--awb-spacing-right-medium:3.2%;--awb-spacing-left-medium:3.2%;--awb-width-small:100%;--awb-order-small:0;--awb-spacing-right-small:1.92%;--awb-spacing-left-small:1.92%;\"><div class=\"fusion-column-wrapper fusion-column-has-shadow fusion-flex-justify-content-flex-start fusion-content-layout-column\"><div class=\"fusion-image-element \" style=\"--awb-margin-top:10px;--awb-margin-bottom:30px;--awb-max-width:200px;--awb-caption-title-size:var(--h2_typography-font-size);--awb-caption-title-transform:var(--h2_typography-text-transform);--awb-caption-title-line-height:var(--h2_typography-line-height);--awb-caption-title-letter-spacing:var(--h2_typography-letter-spacing);\"><span class=\" fusion-imageframe imageframe-none imageframe-2 hover-type-none\"><img decoding=\"async\" width=\"601\" height=\"107\" title=\"sasolar\" src=\"https:\/\/www.hybrens.com\/wp-content\/uploads\/2022\/12\/sasolar.svg\" class=\"img-responsive wp-image-1508\" alt=\"\"><\/span><\/div><div class=\"fusion-text fusion-text-3 awb-text-cols fusion-text-columns-2\" style=\"--awb-font-size:14px;--awb-columns:2;--awb-column-spacing:100px;--awb-column-min-width:100px;--awb-rule-style:1px solid var(--awb-color3);--awb-text-font-family:&quot;Open Sans&quot;;--awb-text-font-style:normal;--awb-text-font-weight:400;\"><p><strong><a href=\"https:\/\/www.jasolar.com\/html\/en\/\" target=\"_blank\" rel=\"noopener nofollow\">JA Solar<\/a> on fotogalvaaniliste p\u00e4ikesepaneelide tootja, millel on kaks tootmistehast ja \u00fcle kahek\u00fcmne filiaali \u00fcle maailma.<\/strong><\/p>\n<p><a href=\"https:\/\/www.jasolar.com\/html\/en\/\" target=\"_blank\" rel=\"noopener nofollow\">JA Solari<\/a> tooteid kasutatakse laialdaselt maapealsetes p\u00e4ikeseelektrijaamades, kaubandusettev\u00f5tetes, t\u00f6\u00f6stuslikes hoonetes ja elamute katustel enam kui 120 riigis \u00fcle maailma. JA Solari paneelid kuuluvad Tier 1 tootjate hulka, mis muudab <a href=\"https:\/\/www.jasolar.com\/html\/en\/\" target=\"_blank\" rel=\"noopener nofollow\">JA Solari<\/a> finantsstabiilsuse ja maine poolest 1. astme p\u00e4ikesepaneelide tootjaks.<\/p>\n<\/div><div style=\"text-align:right;\"><a class=\"fusion-button button-flat fusion-button-default-size button-custom fusion-button-default button-2 fusion-button-default-span fusion-button-default-type fusion-has-button-gradient\" style=\"--button_accent_color:var(--awb-color1);--button_border_color:#4b6ce3;--button_accent_hover_color:var(--awb-color1);--button_border_hover_color:#ffffff;--button_border_width-top:0px;--button_border_width-right:0px;--button_border_width-bottom:0px;--button_border_width-left:0px;--button-border-radius-top-left:30px;--button-border-radius-top-right:30px;--button-border-radius-bottom-right:30px;--button-border-radius-bottom-left:30px;--button_gradient_angle:91deg;--button_gradient_start:50%;--button_gradient_end:99%;--button_gradient_top_color:var(--awb-color5);--button_gradient_bottom_color:var(--awb-color5);--button_gradient_top_color_hover:var(--awb-color5);--button_gradient_bottom_color_hover:var(--awb-color6);--button_text_transform:var(--awb-typography3-text-transform);--button_font_size:14px;--button_line_height:20px;--button_padding-top:12px;--button_padding-right:34px;--button_padding-bottom:12px;--button_padding-left:34px;--button_typography-letter-spacing:var(--awb-typography3-letter-spacing);--button_typography-font-family:&quot;Lato&quot;;--button_typography-font-style:normal;--button_typography-font-weight:400;--button_margin-top:30px;--button_margin-bottom:30px;\" target=\"_self\" data-hover=\"icon_slide\" href=\"https:\/\/www.hybrens.com\/et\/#kontakt\"><span class=\"fusion-button-text\">K\u00fcsi pakkumist<\/span><i class=\"icon-hybrens-arrow-right-hyb button-icon-right\" aria-hidden=\"true\"><\/i><\/a><\/div><\/div><\/div><div class=\"fusion-layout-column fusion_builder_column fusion-builder-column-6 fusion_builder_column_3_5 3_5 fusion-flex-column\" style=\"--awb-padding-top:30px;--awb-padding-right:30px;--awb-padding-bottom:30px;--awb-padding-left:30px;--awb-overflow:hidden;--awb-bg-size:cover;--awb-border-color:var(--awb-color2);--awb-border-style:solid;--awb-border-radius:14px 14px 14px 14px;--awb-width-large:60%;--awb-margin-top-large:0px;--awb-spacing-right-large:3.2%;--awb-margin-bottom-large:20px;--awb-spacing-left-large:3.2%;--awb-width-medium:60%;--awb-order-medium:0;--awb-spacing-right-medium:3.2%;--awb-spacing-left-medium:3.2%;--awb-width-small:100%;--awb-order-small:0;--awb-spacing-right-small:1.92%;--awb-spacing-left-small:1.92%;\"><div class=\"fusion-column-wrapper fusion-column-has-shadow fusion-flex-justify-content-flex-start fusion-content-layout-column\"><div class=\"fusion-image-element \" style=\"--awb-margin-top:10px;--awb-margin-bottom:30px;--awb-max-width:160px;--awb-caption-title-size:var(--h2_typography-font-size);--awb-caption-title-transform:var(--h2_typography-text-transform);--awb-caption-title-line-height:var(--h2_typography-line-height);--awb-caption-title-letter-spacing:var(--h2_typography-letter-spacing);\"><span class=\" fusion-imageframe imageframe-none imageframe-3 hover-type-none\"><img decoding=\"async\" width=\"617\" height=\"222\" title=\"risen-solar-energy\" src=\"https:\/\/www.hybrens.com\/wp-content\/uploads\/2022\/12\/risen-solar-energy.png\" class=\"img-responsive wp-image-1513\" srcset=\"https:\/\/www.hybrens.com\/wp-content\/uploads\/2022\/12\/risen-solar-energy-200x72.png 200w, https:\/\/www.hybrens.com\/wp-content\/uploads\/2022\/12\/risen-solar-energy-400x144.png 400w, https:\/\/www.hybrens.com\/wp-content\/uploads\/2022\/12\/risen-solar-energy-600x216.png 600w, https:\/\/www.hybrens.com\/wp-content\/uploads\/2022\/12\/risen-solar-energy.png 617w\" sizes=\"(max-width: 640px) 100vw, 617px\" alt=\"\"><\/span><\/div><div class=\"fusion-text fusion-text-4 awb-text-cols fusion-text-columns-2\" style=\"--awb-font-size:14px;--awb-columns:2;--awb-column-spacing:100px;--awb-column-min-width:100px;--awb-rule-style:1px solid var(--awb-color3);--awb-text-font-family:&quot;Open Sans&quot;;--awb-text-font-style:normal;--awb-text-font-weight:400;\"><p><strong>Risen Energy asutati 1986. aastal ja on \u00fcks p\u00e4ikeset\u00f6\u00f6stuse asutajaid.<\/strong> Risen Energy tootevalikusse kuuluvad monokristallilised p\u00e4ikesepaneelid ja bifacial ehk kahepoolsete p\u00e4ikesepaneelid, mille efektiivsus on 20,5%. Ettev\u00f5ttel on mitmeid rahvusvahelisi tunnustusi ja tooted on l\u00e4binud ranged testid omades selliseid sertifikaate nagu T\u00fcV, CE, GS, ROHS, REACH, PAHS jne.<\/p>\n<\/div><div style=\"text-align:right;\"><a class=\"fusion-button button-flat fusion-button-default-size button-custom fusion-button-default button-3 fusion-button-default-span fusion-button-default-type fusion-has-button-gradient\" style=\"--button_accent_color:var(--awb-color1);--button_border_color:#4b6ce3;--button_accent_hover_color:var(--awb-color1);--button_border_hover_color:#ffffff;--button_border_width-top:0px;--button_border_width-right:0px;--button_border_width-bottom:0px;--button_border_width-left:0px;--button-border-radius-top-left:30px;--button-border-radius-top-right:30px;--button-border-radius-bottom-right:30px;--button-border-radius-bottom-left:30px;--button_gradient_angle:91deg;--button_gradient_start:50%;--button_gradient_end:99%;--button_gradient_top_color:var(--awb-color5);--button_gradient_bottom_color:var(--awb-color5);--button_gradient_top_color_hover:var(--awb-color5);--button_gradient_bottom_color_hover:var(--awb-color6);--button_text_transform:var(--awb-typography3-text-transform);--button_font_size:14px;--button_line_height:20px;--button_padding-top:12px;--button_padding-right:34px;--button_padding-bottom:12px;--button_padding-left:34px;--button_typography-letter-spacing:var(--awb-typography3-letter-spacing);--button_typography-font-family:&quot;Lato&quot;;--button_typography-font-style:normal;--button_typography-font-weight:400;--button_margin-top:30px;--button_margin-bottom:30px;\" target=\"_self\" data-hover=\"icon_slide\" href=\"https:\/\/www.hybrens.com\/et\/#kontakt\"><span class=\"fusion-button-text\">K\u00fcsi pakkumist<\/span><i class=\"icon-hybrens-arrow-right-hyb button-icon-right\" aria-hidden=\"true\"><\/i><\/a><\/div><\/div><\/div><div class=\"fusion-layout-column fusion_builder_column fusion-builder-column-7 fusion_builder_column_3_5 3_5 fusion-flex-column\" style=\"--awb-padding-top:30px;--awb-padding-right:30px;--awb-padding-bottom:30px;--awb-padding-left:30px;--awb-overflow:hidden;--awb-bg-size:cover;--awb-border-color:var(--awb-color2);--awb-border-style:solid;--awb-border-radius:14px 14px 14px 14px;--awb-width-large:60%;--awb-margin-top-large:0px;--awb-spacing-right-large:3.2%;--awb-margin-bottom-large:20px;--awb-spacing-left-large:3.2%;--awb-width-medium:60%;--awb-order-medium:0;--awb-spacing-right-medium:3.2%;--awb-spacing-left-medium:3.2%;--awb-width-small:100%;--awb-order-small:0;--awb-spacing-right-small:1.92%;--awb-spacing-left-small:1.92%;\"><div class=\"fusion-column-wrapper fusion-column-has-shadow fusion-flex-justify-content-flex-start fusion-content-layout-column\"><div class=\"fusion-image-element \" style=\"--awb-margin-top:10px;--awb-margin-bottom:30px;--awb-max-width:160px;--awb-caption-title-size:var(--h2_typography-font-size);--awb-caption-title-transform:var(--h2_typography-text-transform);--awb-caption-title-line-height:var(--h2_typography-line-height);--awb-caption-title-letter-spacing:var(--h2_typography-letter-spacing);\"><span class=\" fusion-imageframe imageframe-none imageframe-4 hover-type-none\"><img decoding=\"async\" width=\"541\" height=\"184\" title=\"Jinko Solar\" src=\"https:\/\/www.hybrens.com\/wp-content\/uploads\/2022\/12\/Jinko_Solar_logo.svg\" class=\"img-responsive wp-image-1516\" alt=\"\"><\/span><\/div><div class=\"fusion-text fusion-text-5 awb-text-cols fusion-text-columns-2\" style=\"--awb-font-size:14px;--awb-columns:2;--awb-column-spacing:100px;--awb-column-min-width:100px;--awb-rule-style:1px solid var(--awb-color3);--awb-text-font-family:&quot;Open Sans&quot;;--awb-text-font-style:normal;--awb-text-font-weight:400;\"><p><strong><a href=\"https:\/\/www.jinkosolar.com\/en\" target=\"_blank\" rel=\"noopener nofollow\">JinkoSolar<\/a> on \u00fcks suurimaid ja uuenduslikumaid p\u00e4ikesepaneelide tootjaid maailmas, kes tarnib oma tooteid enam kui 160 riiki.<\/strong> Ettev\u00f5ttel on \u00fcheksa \u00fclemaailmset tootmis\u00fcksust. Aastal 2022 nimetati k\u00f5rge kasuteguriga N-Type TOPCon p\u00e4ikesepaneelid aasta k\u00f5ige lootustandvamaks puhta energia tehnoloogiaga toodeteks. <a href=\"https:\/\/www.jinkosolar.com\/en\" target=\"_blank\" rel=\"noopener nofollow\">JinkoSolari<\/a> p\u00e4ikesepaneelid kasutavad \u201c<a href=\"https:\/\/www.jinkosolar.com\/en\/site\/welding\" target=\"_blank\" rel=\"noopener nofollow\">Tiling Ribbon<\/a>\u201d (TR) tehnoloogiat, et paneeli efektiivsust oluliselt suurendada.<\/p>\n<\/div><div style=\"text-align:right;\"><a class=\"fusion-button button-flat fusion-button-default-size button-custom fusion-button-default button-4 fusion-button-default-span fusion-button-default-type fusion-has-button-gradient\" style=\"--button_accent_color:var(--awb-color1);--button_border_color:#4b6ce3;--button_accent_hover_color:var(--awb-color1);--button_border_hover_color:#ffffff;--button_border_width-top:0px;--button_border_width-right:0px;--button_border_width-bottom:0px;--button_border_width-left:0px;--button-border-radius-top-left:30px;--button-border-radius-top-right:30px;--button-border-radius-bottom-right:30px;--button-border-radius-bottom-left:30px;--button_gradient_angle:91deg;--button_gradient_start:50%;--button_gradient_end:99%;--button_gradient_top_color:var(--awb-color5);--button_gradient_bottom_color:var(--awb-color5);--button_gradient_top_color_hover:var(--awb-color5);--button_gradient_bottom_color_hover:var(--awb-color6);--button_text_transform:var(--awb-typography3-text-transform);--button_font_size:14px;--button_line_height:20px;--button_padding-top:12px;--button_padding-right:34px;--button_padding-bottom:12px;--button_padding-left:34px;--button_typography-letter-spacing:var(--awb-typography3-letter-spacing);--button_typography-font-family:&quot;Lato&quot;;--button_typography-font-style:normal;--button_typography-font-weight:400;--button_margin-top:30px;--button_margin-bottom:30px;\" target=\"_self\" data-hover=\"icon_slide\" href=\"https:\/\/www.hybrens.com\/et\/#kontakt\"><span class=\"fusion-button-text\">K\u00fcsi pakkumist<\/span><i class=\"icon-hybrens-arrow-right-hyb button-icon-right\" aria-hidden=\"true\"><\/i><\/a><\/div><\/div><\/div><\/div><\/div><\/p>\n","protected":false},"excerpt":{"rendered":"","protected":false},"author":2,"featured_media":1550,"parent":0,"menu_order":0,"comment_status":"closed","ping_status":"closed","template":"100-width.php","meta":{"footnotes":""},"class_list":["post-1707","page","type-page","status-publish","has-post-thumbnail","hentry"],"_links":{"self":[{"href":"https:\/\/www.hybrens.com\/et\/wp-json\/wp\/v2\/pages\/1707","targetHints":{"allow":["GET"]}}],"collection":[{"href":"https:\/\/www.hybrens.com\/et\/wp-json\/wp\/v2\/pages"}],"about":[{"href":"https:\/\/www.hybrens.com\/et\/wp-json\/wp\/v2\/types\/page"}],"author":[{"embeddable":true,"href":"https:\/\/www.hybrens.com\/et\/wp-json\/wp\/v2\/users\/2"}],"replies":[{"embeddable":true,"href":"https:\/\/www.hybrens.com\/et\/wp-json\/wp\/v2\/comments?post=1707"}],"version-history":[{"count":12,"href":"https:\/\/www.hybrens.com\/et\/wp-json\/wp\/v2\/pages\/1707\/revisions"}],"predecessor-version":[{"id":1787,"href":"https:\/\/www.hybrens.com\/et\/wp-json\/wp\/v2\/pages\/1707\/revisions\/1787"}],"wp:featuredmedia":[{"embeddable":true,"href":"https:\/\/www.hybrens.com\/et\/wp-json\/wp\/v2\/media\/1550"}],"wp:attachment":[{"href":"https:\/\/www.hybrens.com\/et\/wp-json\/wp\/v2\/media?parent=1707"}],"curies":[{"name":"wp","href":"https:\/\/api.w.org\/{rel}","templated":true}]}}