{"id":1693,"date":"2023-02-01T09:00:25","date_gmt":"2023-02-01T07:00:25","guid":{"rendered":"https:\/\/www.hybrens.com\/?page_id=1693"},"modified":"2023-02-20T13:39:29","modified_gmt":"2023-02-20T11:39:29","slug":"kinnituslahendused","status":"publish","type":"page","link":"https:\/\/www.hybrens.com\/et\/kinnituslahendused\/","title":{"rendered":"Kinnituslahendused"},"content":{"rendered":"<p><div class=\"fusion-fullwidth fullwidth-box fusion-builder-row-1 fusion-flex-container has-pattern-background has-mask-background nonhundred-percent-fullwidth non-hundred-percent-height-scrolling\" style=\"--awb-border-radius-top-left:0px;--awb-border-radius-top-right:0px;--awb-border-radius-bottom-right:0px;--awb-border-radius-bottom-left:0px;--awb-padding-top:200px;\" ><div class=\"fusion-builder-row fusion-row fusion-flex-align-items-center\" style=\"max-width:1248px;margin-left: calc(-4% \/ 2 );margin-right: calc(-4% \/ 2 );\"><div class=\"fusion-layout-column fusion_builder_column fusion-builder-column-0 fusion_builder_column_3_5 3_5 fusion-flex-column\" style=\"--awb-bg-size:cover;--awb-width-large:60%;--awb-margin-top-large:0px;--awb-spacing-right-large:50px;--awb-margin-bottom-large:80px;--awb-spacing-left-large:3.2%;--awb-width-medium:60%;--awb-order-medium:0;--awb-spacing-right-medium:50px;--awb-spacing-left-medium:3.2%;--awb-width-small:100%;--awb-order-small:0;--awb-spacing-right-small:1.92%;--awb-spacing-left-small:1.92%;\"><div class=\"fusion-column-wrapper fusion-column-has-shadow fusion-flex-justify-content-flex-start fusion-content-layout-column\"><div class=\"fusion-breadcrumbs fusion-breadcrumbs-1\" style=\"--awb-font-size:13px;\"><span class=\"fusion-breadcrumb-item\"><a href=\"https:\/\/www.hybrens.com\/et\/\" class=\"fusion-breadcrumb-link\"><span >Home<\/span><\/a><\/span><span class=\"fusion-breadcrumb-sep\"> \/ <\/span><\/div><div class=\"fusion-title title fusion-title-1 fusion-sep-none fusion-title-text fusion-title-size-one\" style=\"--awb-text-color:var(--awb-color6);--awb-font-size:50px;\"><h1 class=\"title-heading-left\" style=\"font-family:&quot;Lato&quot;;font-style:normal;font-weight:900;margin:0;font-size:1em;line-height:1;\">Kinnituslahendused<\/h1><\/div><\/div><\/div><div class=\"fusion-layout-column fusion_builder_column fusion-builder-column-1 fusion_builder_column_2_5 2_5 fusion-flex-column\" style=\"--awb-padding-left:30px;--awb-bg-size:cover;--awb-border-color:var(--awb-color5);--awb-border-left:3px;--awb-border-style:solid;--awb-width-large:40%;--awb-margin-top-large:0px;--awb-spacing-right-large:4.8%;--awb-margin-bottom-large:20px;--awb-spacing-left-large:4.8%;--awb-width-medium:40%;--awb-order-medium:0;--awb-spacing-right-medium:4.8%;--awb-spacing-left-medium:4.8%;--awb-width-small:100%;--awb-order-small:0;--awb-spacing-right-small:1.92%;--awb-spacing-left-small:1.92%;\"><div class=\"fusion-column-wrapper fusion-column-has-shadow fusion-flex-justify-content-flex-start fusion-content-layout-column\"><div class=\"fusion-text fusion-text-1\"><p><strong>Et pakkuda oma klientidele p\u00e4ikesepargi rajamiseks vajalikke ja t\u00f6\u00f6kindlaid tooteid<\/strong>, teeme koost\u00f6\u00f6d mitmete tuntud kinnituslahenduste tootjatega.<\/p>\n<\/div><\/div><\/div><\/div><\/div><div class=\"fusion-fullwidth fullwidth-box fusion-builder-row-2 fusion-flex-container has-pattern-background has-mask-background fusion-parallax-none hundred-percent-fullwidth non-hundred-percent-height-scrolling\" style=\"--awb-background-position:left bottom;--awb-border-radius-top-left:0px;--awb-border-radius-top-right:0px;--awb-border-radius-bottom-right:0px;--awb-border-radius-bottom-left:0px;--awb-padding-bottom:0px;--awb-background-image:url(&quot;https:\/\/www.hybrens.com\/wp-content\/uploads\/2023\/01\/hyb-left.svg&quot;);--awb-background-size:cover;\" ><div class=\"fusion-builder-row fusion-row fusion-flex-align-items-flex-start\" style=\"width:104% !important;max-width:104% !important;margin-left: calc(-4% \/ 2 );margin-right: calc(-4% \/ 2 );\"><div class=\"fusion-layout-column fusion_builder_column fusion-builder-column-2 fusion_builder_column_1_6 1_6 fusion-flex-column\" style=\"--awb-bg-size:cover;--awb-width-large:16.666666666667%;--awb-margin-top-large:0px;--awb-spacing-right-large:10px;--awb-margin-bottom-large:20px;--awb-spacing-left-large:11.52%;--awb-width-medium:16.666666666667%;--awb-order-medium:0;--awb-spacing-right-medium:10px;--awb-spacing-left-medium:11.52%;--awb-width-small:50%;--awb-order-small:0;--awb-spacing-right-small:10px;--awb-spacing-left-small:3.84%;\"><div class=\"fusion-column-wrapper fusion-column-has-shadow fusion-flex-justify-content-flex-start fusion-content-layout-column\"><div class=\"fusion-lottie fusion-lottie-1\" data-id=\"1\"><div class=\"fusion-lottie-animation\" data-path=\"https:\/\/www.hybrens.com\/wp-content\/uploads\/2023\/01\/40587-scroll.json\" data-loop=\"1\" data-reverse=\"0\" data-speed=\"1\" data-trigger=\"none\"><lottie-player loop=\"1\" speed=\"1\"><\/lottie-player><\/div><\/div><\/div><\/div><div class=\"fusion-layout-column fusion_builder_column fusion-builder-column-3 fusion_builder_column_5_6 5_6 fusion-flex-column\" style=\"--awb-padding-top:50px;--awb-padding-right:50px;--awb-padding-bottom:400px;--awb-padding-left:50px;--awb-overflow:hidden;--awb-bg-image:url(&#039;https:\/\/www.hybrens.com\/wp-content\/uploads\/2023\/01\/man-worker-firld-by-solar-panels-1.jpg&#039;);--awb-bg-position:center center;--awb-bg-size:cover;--awb-border-radius:50px 0px 0px 30px;--awb-width-large:83.333333333333%;--awb-margin-top-large:0px;--awb-spacing-right-large:0px;--awb-margin-bottom-large:0px;--awb-spacing-left-large:2.304%;--awb-width-medium:83.333333333333%;--awb-order-medium:0;--awb-spacing-right-medium:0px;--awb-spacing-left-medium:2.304%;--awb-width-small:50%;--awb-order-small:0;--awb-spacing-right-small:0px;--awb-spacing-left-small:3.84%;\"><div class=\"fusion-column-wrapper fusion-column-has-shadow fusion-flex-justify-content-flex-start fusion-content-layout-column\" data-bg-url=\"https:\/\/www.hybrens.com\/wp-content\/uploads\/2023\/01\/man-worker-firld-by-solar-panels-1.jpg\"><i class=\"fb-icon-element-1 fb-icon-element fontawesome-icon icon-hybrens-solarhouse circle-no\" style=\"--awb-iconcolor-hover:var(--awb-color3);--awb-font-size:75px;--awb-margin-top:0;--awb-margin-right:37.5px;--awb-margin-bottom:0;--awb-margin-left:0;--awb-align-self:flex-start;\"><\/i><\/div><\/div><\/div><\/div><div class=\"fusion-fullwidth fullwidth-box fusion-builder-row-3 fusion-flex-container has-pattern-background has-mask-background nonhundred-percent-fullwidth non-hundred-percent-height-scrolling\" style=\"--awb-border-radius-top-left:0px;--awb-border-radius-top-right:0px;--awb-border-radius-bottom-right:0px;--awb-border-radius-bottom-left:0px;--awb-margin-top:50px;--awb-margin-bottom:25px;\" ><div class=\"fusion-builder-row fusion-row fusion-flex-align-items-flex-start fusion-flex-justify-content-center\" style=\"max-width:1248px;margin-left: calc(-4% \/ 2 );margin-right: calc(-4% \/ 2 );\"><div class=\"fusion-layout-column fusion_builder_column fusion-builder-column-4 fusion_builder_column_3_5 3_5 fusion-flex-column\" style=\"--awb-padding-top:30px;--awb-padding-right:30px;--awb-padding-bottom:30px;--awb-padding-left:30px;--awb-overflow:hidden;--awb-bg-size:cover;--awb-border-color:var(--awb-color2);--awb-border-style:solid;--awb-border-radius:14px 14px 14px 14px;--awb-width-large:60%;--awb-margin-top-large:0px;--awb-spacing-right-large:3.2%;--awb-margin-bottom-large:20px;--awb-spacing-left-large:3.2%;--awb-width-medium:60%;--awb-order-medium:0;--awb-spacing-right-medium:3.2%;--awb-spacing-left-medium:3.2%;--awb-width-small:100%;--awb-order-small:0;--awb-spacing-right-small:1.92%;--awb-spacing-left-small:1.92%;\"><div class=\"fusion-column-wrapper fusion-column-has-shadow fusion-flex-justify-content-flex-start fusion-content-layout-column\"><div class=\"fusion-image-element \" style=\"--awb-margin-top:10px;--awb-margin-bottom:30px;--awb-max-width:200px;--awb-caption-title-size:var(--h2_typography-font-size);--awb-caption-title-transform:var(--h2_typography-text-transform);--awb-caption-title-line-height:var(--h2_typography-line-height);--awb-caption-title-letter-spacing:var(--h2_typography-letter-spacing);\"><span class=\" fusion-imageframe imageframe-none imageframe-1 hover-type-none\"><img decoding=\"async\" width=\"370\" height=\"193\" title=\"novotegra\" src=\"https:\/\/www.hybrens.com\/wp-content\/uploads\/2022\/12\/novotegra.svg\" class=\"img-responsive wp-image-1521\" alt=\"\"><\/span><\/div><div class=\"fusion-text fusion-text-2 awb-text-cols fusion-text-columns-2\" style=\"--awb-font-size:14px;--awb-columns:2;--awb-column-spacing:100px;--awb-column-min-width:100px;--awb-rule-style:1px solid var(--awb-color3);--awb-text-font-family:&quot;Open Sans&quot;;--awb-text-font-style:normal;--awb-text-font-weight:400;\"><p><strong><a href=\"https:\/\/www.novotegra.com\/en\/\" target=\"_blank\" rel=\"noopener nofollow\">Novotegra<\/a> on kinnituslahendusi pakkuv Saksamaa ettev\u00f5te, mis on p\u00e4ikeseenergia t\u00f6\u00f6stuses tegutsenud alates 2005. aastast.<\/strong><\/p>\n<p>Ettev\u00f5te on tuntud oma erakordse tootekvaliteedi poolest, mis vastab rahvusvahelistele kvaliteedi- ja juhtimisn\u00f5uetele. Novotegra pakub kinnituslahendusi kivikatustele, trapets-metall katustel, lamekatustele ja soovi korral saab vastavalt kliendi vajadustele sobiliku lahenduse. Tootekvaliteedile vastavuse tagamiseks viib Novotegra l\u00e4bi ettev\u00f5ttesiseseid ja v\u00e4liskeskkonna katseid, nagu tuuletunnelid v\u00f5i ahjud.<\/p>\n<\/div><div style=\"text-align:right;\"><a class=\"fusion-button button-flat fusion-button-default-size button-custom fusion-button-default button-1 fusion-button-default-span fusion-button-default-type fusion-has-button-gradient\" style=\"--button_accent_color:var(--awb-color1);--button_border_color:#4b6ce3;--button_accent_hover_color:var(--awb-color1);--button_border_hover_color:#ffffff;--button_border_width-top:0px;--button_border_width-right:0px;--button_border_width-bottom:0px;--button_border_width-left:0px;--button-border-radius-top-left:30px;--button-border-radius-top-right:30px;--button-border-radius-bottom-right:30px;--button-border-radius-bottom-left:30px;--button_gradient_angle:91deg;--button_gradient_start:50%;--button_gradient_top_color:var(--awb-color5);--button_gradient_bottom_color:var(--awb-color5);--button_gradient_top_color_hover:var(--awb-color5);--button_gradient_bottom_color_hover:var(--awb-color6);--button_text_transform:var(--awb-typography3-text-transform);--button_font_size:14px;--button_line_height:20px;--button_padding-top:12px;--button_padding-right:34px;--button_padding-bottom:12px;--button_padding-left:34px;--button_typography-letter-spacing:var(--awb-typography3-letter-spacing);--button_typography-font-family:&quot;Lato&quot;;--button_typography-font-style:normal;--button_typography-font-weight:400;--button_margin-top:30px;--button_margin-bottom:30px;\" target=\"_self\" data-hover=\"icon_slide\" href=\"https:\/\/www.hybrens.com\/et\/#kontakt\"><span class=\"fusion-button-text\">K\u00fcsi pakkumist<\/span><i class=\"icon-hybrens-arrow-right-hyb button-icon-right\" aria-hidden=\"true\"><\/i><\/a><\/div><\/div><\/div><div class=\"fusion-layout-column fusion_builder_column fusion-builder-column-5 fusion_builder_column_3_5 3_5 fusion-flex-column\" style=\"--awb-padding-top:30px;--awb-padding-right:30px;--awb-padding-bottom:30px;--awb-padding-left:30px;--awb-overflow:hidden;--awb-bg-size:cover;--awb-border-color:var(--awb-color2);--awb-border-style:solid;--awb-border-radius:14px 14px 14px 14px;--awb-width-large:60%;--awb-margin-top-large:0px;--awb-spacing-right-large:3.2%;--awb-margin-bottom-large:20px;--awb-spacing-left-large:3.2%;--awb-width-medium:60%;--awb-order-medium:0;--awb-spacing-right-medium:3.2%;--awb-spacing-left-medium:3.2%;--awb-width-small:100%;--awb-order-small:0;--awb-spacing-right-small:1.92%;--awb-spacing-left-small:1.92%;\"><div class=\"fusion-column-wrapper fusion-column-has-shadow fusion-flex-justify-content-flex-start fusion-content-layout-column\"><div class=\"fusion-image-element \" style=\"--awb-margin-top:10px;--awb-margin-bottom:30px;--awb-max-width:200px;--awb-caption-title-size:var(--h2_typography-font-size);--awb-caption-title-transform:var(--h2_typography-text-transform);--awb-caption-title-line-height:var(--h2_typography-line-height);--awb-caption-title-letter-spacing:var(--h2_typography-letter-spacing);\"><span class=\" fusion-imageframe imageframe-none imageframe-2 hover-type-none\"><img decoding=\"async\" width=\"180\" height=\"40\" title=\"schlettergroup\" src=\"https:\/\/www.hybrens.com\/wp-content\/uploads\/2022\/12\/schlettergroup.svg\" class=\"img-responsive wp-image-1511\" alt=\"\"><\/span><\/div><div class=\"fusion-text fusion-text-3 awb-text-cols fusion-text-columns-2\" style=\"--awb-font-size:14px;--awb-columns:2;--awb-column-spacing:100px;--awb-column-min-width:100px;--awb-rule-style:1px solid var(--awb-color3);--awb-text-font-family:&quot;Open Sans&quot;;--awb-text-font-style:normal;--awb-text-font-weight:400;\"><p><strong>Schletter on \u00fcks maailma juhtivaid p\u00e4ikesepaneelide kinnituslahenduste tootjaid.<\/strong><\/p>\n<p>Ettev\u00f5te kasutab k\u00f5rgkvaliteediga materjale, olenemata katuse t\u00fc\u00fcbist &#8211; lamekatus v\u00f5i viilkatus &#8211; kuhu ehitatakse p\u00e4ikesepark. P\u00e4ikesepaneelide maapealsed kinnituslahendused on v\u00e4ga vastupidavad, tugevad ja k\u00f5rge korrosioonikaitsega. Schletteri tooted peavad vastu \u00e4\u00e4rmuslikele tugevatele tuultele orkaanid piirkondades, erinevatele v\u00e4rinatele maav\u00e4rina piirkondades v\u00f5i \u00e4\u00e4rmiselt s\u00f6\u00f6vitavale merekliimale. K\u00f5ik ettev\u00f5tte p\u00e4ikesepaneelide kinnituslahendused on v\u00e4ga vastupidavad, kergesti paigaldatavad ja suurep\u00e4rase kandev\u00f5imega.<\/p>\n<\/div><div style=\"text-align:right;\"><a class=\"fusion-button button-flat fusion-button-default-size button-custom fusion-button-default button-2 fusion-button-default-span fusion-button-default-type fusion-has-button-gradient\" style=\"--button_accent_color:var(--awb-color1);--button_border_color:#4b6ce3;--button_accent_hover_color:var(--awb-color1);--button_border_hover_color:#ffffff;--button_border_width-top:0px;--button_border_width-right:0px;--button_border_width-bottom:0px;--button_border_width-left:0px;--button-border-radius-top-left:30px;--button-border-radius-top-right:30px;--button-border-radius-bottom-right:30px;--button-border-radius-bottom-left:30px;--button_gradient_angle:91deg;--button_gradient_start:50%;--button_gradient_top_color:var(--awb-color5);--button_gradient_bottom_color:var(--awb-color5);--button_gradient_top_color_hover:var(--awb-color5);--button_gradient_bottom_color_hover:var(--awb-color6);--button_text_transform:var(--awb-typography3-text-transform);--button_font_size:14px;--button_line_height:20px;--button_padding-top:12px;--button_padding-right:34px;--button_padding-bottom:12px;--button_padding-left:34px;--button_typography-letter-spacing:var(--awb-typography3-letter-spacing);--button_typography-font-family:&quot;Lato&quot;;--button_typography-font-style:normal;--button_typography-font-weight:400;--button_margin-top:30px;--button_margin-bottom:30px;\" target=\"_self\" data-hover=\"icon_slide\" href=\"https:\/\/www.hybrens.com\/et\/#kontakt\"><span class=\"fusion-button-text\">K\u00fcsi pakkumist<\/span><i class=\"icon-hybrens-arrow-right-hyb button-icon-right\" aria-hidden=\"true\"><\/i><\/a><\/div><\/div><\/div><div class=\"fusion-layout-column fusion_builder_column fusion-builder-column-6 fusion_builder_column_3_5 3_5 fusion-flex-column\" style=\"--awb-padding-top:30px;--awb-padding-right:30px;--awb-padding-bottom:30px;--awb-padding-left:30px;--awb-overflow:hidden;--awb-bg-size:cover;--awb-border-color:var(--awb-color2);--awb-border-style:solid;--awb-border-radius:14px 14px 14px 14px;--awb-width-large:60%;--awb-margin-top-large:0px;--awb-spacing-right-large:3.2%;--awb-margin-bottom-large:20px;--awb-spacing-left-large:3.2%;--awb-width-medium:60%;--awb-order-medium:0;--awb-spacing-right-medium:3.2%;--awb-spacing-left-medium:3.2%;--awb-width-small:100%;--awb-order-small:0;--awb-spacing-right-small:1.92%;--awb-spacing-left-small:1.92%;\"><div class=\"fusion-column-wrapper fusion-column-has-shadow fusion-flex-justify-content-flex-start fusion-content-layout-column\"><div class=\"fusion-image-element \" style=\"--awb-margin-top:10px;--awb-margin-bottom:30px;--awb-max-width:200px;--awb-caption-title-size:var(--h2_typography-font-size);--awb-caption-title-transform:var(--h2_typography-text-transform);--awb-caption-title-line-height:var(--h2_typography-line-height);--awb-caption-title-letter-spacing:var(--h2_typography-letter-spacing);\"><span class=\" fusion-imageframe imageframe-none imageframe-3 hover-type-none\"><img decoding=\"async\" width=\"2500\" height=\"694\" title=\"Fronius\" src=\"https:\/\/www.hybrens.com\/wp-content\/uploads\/2022\/12\/fronius-1.svg\" class=\"img-responsive wp-image-1519\" alt=\"\"><\/span><\/div><div class=\"fusion-text fusion-text-4 awb-text-cols fusion-text-columns-2\" style=\"--awb-font-size:14px;--awb-columns:2;--awb-column-spacing:100px;--awb-column-min-width:100px;--awb-rule-style:1px solid var(--awb-color3);--awb-text-font-family:&quot;Open Sans&quot;;--awb-text-font-style:normal;--awb-text-font-weight:400;\"><p><strong><a href=\"https:\/\/www.fronius.com\/et-ee\/estonia\" target=\"_blank\" rel=\"nofollow noopener\">Fronius<\/a> on Austria ettev\u00f5te, millel on 75-aastane inverterite tootmise kogemus.<\/strong> Froniuse inverterid sobivad erineva suurusega paigaldustele \u2013 nii eramajadele kui suurematele tootmishoontele. Froniuse invertereid testitakse ekstreemsetes tingimustes. Vastupidavustestid on \u00e4\u00e4rmiselt p\u00f5hjalikud ja t\u00e4psemad kui tavap\u00e4rased t\u00f6\u00f6stusstandardid ning t\u00f6\u00f6tingimused.<\/p>\n<\/div><div style=\"text-align:right;\"><a class=\"fusion-button button-flat fusion-button-default-size button-custom fusion-button-default button-3 fusion-button-default-span fusion-button-default-type fusion-has-button-gradient\" style=\"--button_accent_color:var(--awb-color1);--button_border_color:#4b6ce3;--button_accent_hover_color:var(--awb-color1);--button_border_hover_color:#ffffff;--button_border_width-top:0px;--button_border_width-right:0px;--button_border_width-bottom:0px;--button_border_width-left:0px;--button-border-radius-top-left:30px;--button-border-radius-top-right:30px;--button-border-radius-bottom-right:30px;--button-border-radius-bottom-left:30px;--button_gradient_angle:91deg;--button_gradient_start:50%;--button_gradient_top_color:var(--awb-color5);--button_gradient_bottom_color:var(--awb-color5);--button_gradient_top_color_hover:var(--awb-color5);--button_gradient_bottom_color_hover:var(--awb-color6);--button_text_transform:var(--awb-typography3-text-transform);--button_font_size:14px;--button_line_height:20px;--button_padding-top:12px;--button_padding-right:34px;--button_padding-bottom:12px;--button_padding-left:34px;--button_typography-letter-spacing:var(--awb-typography3-letter-spacing);--button_typography-font-family:&quot;Lato&quot;;--button_typography-font-style:normal;--button_typography-font-weight:400;--button_margin-top:30px;--button_margin-bottom:30px;\" target=\"_self\" data-hover=\"icon_slide\" href=\"https:\/\/www.hybrens.com\/et\/#kontakt\"><span class=\"fusion-button-text\">K\u00fcsi pakkumist<\/span><i class=\"icon-hybrens-arrow-right-hyb button-icon-right\" aria-hidden=\"true\"><\/i><\/a><\/div><\/div><\/div><\/div><\/div><\/p>\n","protected":false},"excerpt":{"rendered":"","protected":false},"author":2,"featured_media":1554,"parent":0,"menu_order":0,"comment_status":"closed","ping_status":"closed","template":"100-width.php","meta":{"footnotes":""},"class_list":["post-1693","page","type-page","status-publish","has-post-thumbnail","hentry"],"_links":{"self":[{"href":"https:\/\/www.hybrens.com\/et\/wp-json\/wp\/v2\/pages\/1693","targetHints":{"allow":["GET"]}}],"collection":[{"href":"https:\/\/www.hybrens.com\/et\/wp-json\/wp\/v2\/pages"}],"about":[{"href":"https:\/\/www.hybrens.com\/et\/wp-json\/wp\/v2\/types\/page"}],"author":[{"embeddable":true,"href":"https:\/\/www.hybrens.com\/et\/wp-json\/wp\/v2\/users\/2"}],"replies":[{"embeddable":true,"href":"https:\/\/www.hybrens.com\/et\/wp-json\/wp\/v2\/comments?post=1693"}],"version-history":[{"count":12,"href":"https:\/\/www.hybrens.com\/et\/wp-json\/wp\/v2\/pages\/1693\/revisions"}],"predecessor-version":[{"id":1791,"href":"https:\/\/www.hybrens.com\/et\/wp-json\/wp\/v2\/pages\/1693\/revisions\/1791"}],"wp:featuredmedia":[{"embeddable":true,"href":"https:\/\/www.hybrens.com\/et\/wp-json\/wp\/v2\/media\/1554"}],"wp:attachment":[{"href":"https:\/\/www.hybrens.com\/et\/wp-json\/wp\/v2\/media?parent=1693"}],"curies":[{"name":"wp","href":"https:\/\/api.w.org\/{rel}","templated":true}]}}